{"id":3090,"date":"2024-01-19T07:23:44","date_gmt":"2024-01-19T07:23:44","guid":{"rendered":"https:\/\/themepanthers.com\/wp\/risehand\/el\/?page_id=3090"},"modified":"2025-02-19T17:34:02","modified_gmt":"2025-02-19T21:34:02","slug":"blog-y-noticias","status":"publish","type":"page","link":"https:\/\/donboscofs.org\/es\/blog-y-noticias\/","title":{"rendered":"Blog y Noticias"},"content":{"rendered":"<div data-elementor-type=\"wp-page\" data-elementor-id=\"3090\" class=\"elementor elementor-3090\">\n\t\t\t\t\t\t<section class=\"elementor-section elementor-top-section elementor-element elementor-element-d0ad67a elementor-section-boxed elementor-section-height-default elementor-section-height-default\" data-id=\"d0ad67a\" data-element_type=\"section\" data-e-type=\"section\">\n\t\t\t\t\t\t<div class=\"elementor-container elementor-column-gap-default\">\n\t\t\t\t\t<div class=\"elementor-column elementor-col-100 elementor-top-column elementor-element elementor-element-3063f2f\" data-id=\"3063f2f\" data-element_type=\"column\" data-e-type=\"column\">\n\t\t\t<div class=\"elementor-widget-wrap elementor-element-populated\">\n\t\t\t\t\t\t<div class=\"elementor-element elementor-element-a0b276f elementor-widget elementor-widget-risehand-blog-post-v1\" data-id=\"a0b276f\" data-element_type=\"widget\" data-e-type=\"widget\" data-widget_type=\"risehand-blog-post-v1.default\">\n\t\t\t\t<div class=\"elementor-widget-container\">\n\t\t\t\t\t<section class=\"blog_post_section comment_enable\"> <div class=\"row  blog_container clearfix\">      <div class=\"col-xl-4 col-lg-4 col-md-6 col-sm-6 blog-wrapper\">    <div class=\"blog-style_7 trans mb_40 has_images\">  <div class=\"image-box img_obj_fit_center\"> <a href=\"https:\/\/donboscofs.org\/es\/fundacion-salesiana-don-bosco\/\" class=\"img_link\"> <img fetchpriority=\"high\" decoding=\"async\" width=\"2560\" height=\"1706\" src=\"https:\/\/donboscofs.org\/wp-content\/uploads\/2025\/11\/imgi_2_IMG_3350-scaled.jpg\" class=\"attachment-risehand-image-370-320 trans size-risehand-image-370-320 trans wp-post-image\" alt=\"\"   \/> <\/a>  <a href=\"https:\/\/donboscofs.org\/es\/category\/blog\/\" class=\"cat_gry\">Blog<\/a>  <\/div>  <div class=\"content_box trans\">  <div class=\"d-flex\">  <span class=\"date_tm\"><time class=\"date published font_special updated\" datetime=\"2025-11-05T14:33:21-04:00\"><i class=\"risehand-calendar5 mr-5\"><\/i>noviembre 5, 2025<\/time><\/span>   <\/div>  <div class=\"title_22 mb_0\"><a href=\"https:\/\/donboscofs.org\/es\/fundacion-salesiana-don-bosco\/\" class=\"trim-3 mb_0\">Fundaci\u00f3n Salesiana Don Bosco<\/a><\/div>  <p class=\"des_cription mt_15 mb_0\">La Fundaci\u00f3n Salesiana Don Bosco es una entidad que nace con el objetivo de brindar&hellip;<\/p>  <div class=\"mt_10\"> <a class=\"text_btn trans\" href=\"https:\/\/donboscofs.org\/es\/fundacion-salesiana-don-bosco\/\"> <small>Read more<\/small> <\/a> <\/div> <\/div> <\/div>\n     <\/div>       <div class=\"col-xl-4 col-lg-4 col-md-6 col-sm-6 blog-wrapper\">    <div class=\"blog-style_7 trans mb_40 has_images\">  <div class=\"image-box img_obj_fit_center\"> <a href=\"https:\/\/donboscofs.org\/es\/maria-jesus-y-rafael-dos-voluntarios-preparados-para-la-experiencia-misionera-en-republica-dominicana\/\" class=\"img_link\"> <img decoding=\"async\" width=\"1542\" height=\"996\" src=\"https:\/\/donboscofs.org\/wp-content\/uploads\/2022\/02\/voluntarias.jpeg\" class=\"attachment-risehand-image-370-320 trans size-risehand-image-370-320 trans wp-post-image\" alt=\"\"   \/> <\/a>  <a href=\"https:\/\/donboscofs.org\/es\/category\/blog\/\" class=\"cat_gry\">Blog<\/a>  <\/div>  <div class=\"content_box trans\">  <div class=\"d-flex\">  <span class=\"date_tm\"><time class=\"date published font_special\" datetime=\"2025-02-07T08:27:29-04:00\"><i class=\"risehand-calendar5 mr-5\"><\/i>febrero 7, 2025<\/time><\/span>   <\/div>  <div class=\"title_22 mb_0\"><a href=\"https:\/\/donboscofs.org\/es\/maria-jesus-y-rafael-dos-voluntarios-preparados-para-la-experiencia-misionera-en-republica-dominicana\/\" class=\"trim-3 mb_0\">Desde el coraz\u00f3n del voluntariado salesiano<\/a><\/div>  <p class=\"des_cription mt_15 mb_0\">En menos de un mes Mar\u00eda Jes\u00fas y Rafael emprender\u00e1n una experiencia de voluntariado para&hellip;<\/p>  <div class=\"mt_10\"> <a class=\"text_btn trans\" href=\"https:\/\/donboscofs.org\/es\/maria-jesus-y-rafael-dos-voluntarios-preparados-para-la-experiencia-misionera-en-republica-dominicana\/\"> <small>Read more<\/small> <\/a> <\/div> <\/div> <\/div>\n     <\/div>       <div class=\"col-xl-4 col-lg-4 col-md-6 col-sm-6 blog-wrapper\">    <div class=\"blog-style_7 trans mb_40 has_images\">  <div class=\"image-box img_obj_fit_center\"> <a href=\"https:\/\/donboscofs.org\/es\/becas-universitarias-para-10-jovenes-con-pocos-recursos-en-republica-dominicana-2310\/\" class=\"img_link\"> <img decoding=\"async\" width=\"1600\" height=\"1066\" src=\"https:\/\/donboscofs.org\/wp-content\/uploads\/2025\/02\/Fotos-de-Jovenes-Trabajando-2.jpg\" class=\"attachment-risehand-image-370-320 trans size-risehand-image-370-320 trans wp-post-image\" alt=\"\"   \/> <\/a>  <a href=\"https:\/\/donboscofs.org\/es\/category\/blog\/\" class=\"cat_gry\">Blog<\/a>  <\/div>  <div class=\"content_box trans\">  <div class=\"d-flex\">  <span class=\"date_tm\"><time class=\"date published font_special\" datetime=\"2024-11-28T14:29:46-04:00\"><i class=\"risehand-calendar5 mr-5\"><\/i>noviembre 28, 2024<\/time><\/span>   <\/div>  <div class=\"title_22 mb_0\"><a href=\"https:\/\/donboscofs.org\/es\/becas-universitarias-para-10-jovenes-con-pocos-recursos-en-republica-dominicana-2310\/\" class=\"trim-3 mb_0\">Becas universitarias para 10 j\u00f3venes con pocos recursos en Rep\u00fablica Dominicana \u2013 2310<\/a><\/div>  <p class=\"des_cription mt_15 mb_0\">Rep\u00fablica Dominicana cuenta con 33 centros de estudios superiores universitarios, de los cuales solamente dos&hellip;<\/p>  <div class=\"mt_10\"> <a class=\"text_btn trans\" href=\"https:\/\/donboscofs.org\/es\/becas-universitarias-para-10-jovenes-con-pocos-recursos-en-republica-dominicana-2310\/\"> <small>Read more<\/small> <\/a> <\/div> <\/div> <\/div>\n     <\/div>       <div class=\"col-xl-4 col-lg-4 col-md-6 col-sm-6 blog-wrapper\">    <div class=\"blog-style_7 trans mb_40 has_images\">  <div class=\"image-box img_obj_fit_center\"> <a href=\"https:\/\/donboscofs.org\/es\/salesianos-ponen-en-marcha-programa-de-formacion-de-lideres-medioambientales\/\" class=\"img_link\"> <img loading=\"lazy\" decoding=\"async\" width=\"1355\" height=\"1020\" src=\"https:\/\/donboscofs.org\/wp-content\/uploads\/2023\/12\/WhatsApp-Image-2023-02-20-at-12.53.06-PM-1-1355x1020-1.jpeg\" class=\"attachment-risehand-image-370-320 trans size-risehand-image-370-320 trans wp-post-image\" alt=\"Programa de Formaci\u00f3n de L\u00edderes Medioambientales\"   \/> <\/a>  <a href=\"https:\/\/donboscofs.org\/es\/category\/blog\/\" class=\"cat_gry\">Blog<\/a>  <\/div>  <div class=\"content_box trans\">  <div class=\"d-flex\">  <span class=\"date_tm\"><time class=\"date published font_special\" datetime=\"2023-02-20T14:47:40-04:00\"><i class=\"risehand-calendar5 mr-5\"><\/i>febrero 20, 2023<\/time><\/span>   <\/div>  <div class=\"title_22 mb_0\"><a href=\"https:\/\/donboscofs.org\/es\/salesianos-ponen-en-marcha-programa-de-formacion-de-lideres-medioambientales\/\" class=\"trim-3 mb_0\">Salesianos ponen en marcha \u201cPrograma de Formaci\u00f3n de L\u00edderes Medioambientales\u201d<\/a><\/div>  <p class=\"des_cription mt_15 mb_0\">Santo Domingo \u2013 Con la participaci\u00f3n de 284 j\u00f3venes, el pasado domingo 19 se llev\u00f3&hellip;<\/p>  <div class=\"mt_10\"> <a class=\"text_btn trans\" href=\"https:\/\/donboscofs.org\/es\/salesianos-ponen-en-marcha-programa-de-formacion-de-lideres-medioambientales\/\"> <small>Read more<\/small> <\/a> <\/div> <\/div> <\/div>\n     <\/div>       <div class=\"col-xl-4 col-lg-4 col-md-6 col-sm-6 blog-wrapper\">    <div class=\"blog-style_7 trans mb_40 has_images\">  <div class=\"image-box img_obj_fit_center\"> <a href=\"https:\/\/donboscofs.org\/es\/visita-institucional-a-la-escuela-socio-deportiva-del-real-madrid-santo-domingo-savio-en-republica-dominicana\/\" class=\"img_link\"> <img loading=\"lazy\" decoding=\"async\" width=\"1920\" height=\"550\" src=\"https:\/\/donboscofs.org\/wp-content\/uploads\/2024\/11\/visita_escuela_sociodeportiva_real_madrid_republica_dominicana_mapfre-destacado.jpg\" class=\"attachment-risehand-image-370-320 trans size-risehand-image-370-320 trans wp-post-image\" alt=\"Visita institucional a la Escuela Sociodeportiva del Real Madrid Santo Domingo Savio en Rep\u00fablica Dominicana\"   \/> <\/a>  <a href=\"https:\/\/donboscofs.org\/es\/category\/blog\/\" class=\"cat_gry\">Blog<\/a>  <\/div>  <div class=\"content_box trans\">  <div class=\"d-flex\">  <span class=\"date_tm\"><time class=\"date published font_special\" datetime=\"2022-05-30T14:22:14-04:00\"><i class=\"risehand-calendar5 mr-5\"><\/i>mayo 30, 2022<\/time><\/span>   <\/div>  <div class=\"title_22 mb_0\"><a href=\"https:\/\/donboscofs.org\/es\/visita-institucional-a-la-escuela-socio-deportiva-del-real-madrid-santo-domingo-savio-en-republica-dominicana\/\" class=\"trim-3 mb_0\">Visita institucional a la Escuela Socio deportiva del Real Madrid Santo Domingo Savio en Rep\u00fablica Dominicana<\/a><\/div>  <p class=\"des_cription mt_15 mb_0\">La Escuela Sociodeportiva Santo Domingo Savio en Rep\u00fablica Dominicana, fruto del acuerdo entre Misiones Salesianas&hellip;<\/p>  <div class=\"mt_10\"> <a class=\"text_btn trans\" href=\"https:\/\/donboscofs.org\/es\/visita-institucional-a-la-escuela-socio-deportiva-del-real-madrid-santo-domingo-savio-en-republica-dominicana\/\"> <small>Read more<\/small> <\/a> <\/div> <\/div> <\/div>\n     <\/div>     <\/div>  <div class=\"row\"> <div class=\"col-lg-12\"> <div class=\"pagination\">  <\/div> <\/div> <\/div>  <\/section>\r\n\t\t\t\t<\/div>\n\t\t\t\t<\/div>\n\t\t\t\t\t<\/div>\n\t\t<\/div>\n\t\t\t\t\t<\/div>\n\t\t<\/section>\n\t\t\t\t<\/div>","protected":false},"excerpt":{"rendered":"<p>Blog noviembre 28, 2024 Becas universitarias para 10 j\u00f3venes con pocos recursos en Rep\u00fablica Dominicana \u2013 2310Rep\u00fablica Dominicana cuenta con 33 centros de estudios superiores universitarios, de los cuales solamente [&hellip;]<\/p>","protected":false},"author":1,"featured_media":0,"parent":0,"menu_order":0,"comment_status":"closed","ping_status":"closed","template":"template-fullwidth.php","meta":{"give_campaign_id":0,"footnotes":""},"class_list":["post-3090","page","type-page","status-publish","hentry"],"yoast_head":"<!-- This site is optimized with the Yoast SEO plugin v24.5 - https:\/\/yoast.com\/wordpress\/plugins\/seo\/ -->\n<title>Blog y Noticias - Fundaci\u00f3n Salesiana Don Bosco de las Antillas<\/title>\n<meta name=\"description\" content=\"Ent\u00e9rate de todo lo que sucede y mantente informado de nuestras novedades.\" \/>\n<meta name=\"robots\" content=\"index, follow, max-snippet:-1, max-image-preview:large, max-video-preview:-1\" \/>\n<link rel=\"canonical\" href=\"https:\/\/donboscofs.org\/es\/blog-y-noticias\/\" \/>\n<meta property=\"og:locale\" content=\"es_ES\" \/>\n<meta property=\"og:type\" content=\"article\" \/>\n<meta property=\"og:title\" content=\"Blog y Noticias - Fundaci\u00f3n Salesiana Don Bosco de las Antillas\" \/>\n<meta property=\"og:description\" content=\"Ent\u00e9rate de todo lo que sucede y mantente informado de nuestras novedades.\" \/>\n<meta property=\"og:url\" content=\"https:\/\/donboscofs.org\/es\/blog-y-noticias\/\" \/>\n<meta property=\"og:site_name\" content=\"Fundaci\u00f3n Salesiana Don Bosco de las Antillas\" \/>\n<meta property=\"article:publisher\" content=\"https:\/\/www.facebook.com\/donboscofs\" \/>\n<meta property=\"article:modified_time\" content=\"2025-02-19T21:34:02+00:00\" \/>\n<meta property=\"og:image\" content=\"https:\/\/donboscofs.org\/wp-content\/uploads\/2024\/11\/Proyecto-2310.jpg\" \/>\n<meta name=\"twitter:card\" content=\"summary_large_image\" \/>\n<meta name=\"twitter:label1\" content=\"Est. reading time\" \/>\n\t<meta name=\"twitter:data1\" content=\"2 minutos\" \/>\n<script type=\"application\/ld+json\" class=\"yoast-schema-graph\">{\"@context\":\"https:\/\/schema.org\",\"@graph\":[{\"@type\":\"WebPage\",\"@id\":\"https:\/\/donboscofs.org\/blog-y-noticias\/\",\"url\":\"https:\/\/donboscofs.org\/blog-y-noticias\/\",\"name\":\"Blog y Noticias - Fundaci\u00f3n Salesiana Don Bosco de las Antillas\",\"isPartOf\":{\"@id\":\"https:\/\/donboscofs.org\/#website\"},\"primaryImageOfPage\":{\"@id\":\"https:\/\/donboscofs.org\/blog-y-noticias\/#primaryimage\"},\"image\":{\"@id\":\"https:\/\/donboscofs.org\/blog-y-noticias\/#primaryimage\"},\"thumbnailUrl\":\"https:\/\/donboscofs.org\/wp-content\/uploads\/2024\/11\/Proyecto-2310.jpg\",\"datePublished\":\"2024-01-19T07:23:44+00:00\",\"dateModified\":\"2025-02-19T21:34:02+00:00\",\"description\":\"Ent\u00e9rate de todo lo que sucede y mantente informado de nuestras novedades.\",\"breadcrumb\":{\"@id\":\"https:\/\/donboscofs.org\/blog-y-noticias\/#breadcrumb\"},\"inLanguage\":\"es-DO\",\"potentialAction\":[{\"@type\":\"ReadAction\",\"target\":[\"https:\/\/donboscofs.org\/blog-y-noticias\/\"]}]},{\"@type\":\"ImageObject\",\"inLanguage\":\"es-DO\",\"@id\":\"https:\/\/donboscofs.org\/blog-y-noticias\/#primaryimage\",\"url\":\"https:\/\/donboscofs.org\/wp-content\/uploads\/2024\/11\/Proyecto-2310.jpg\",\"contentUrl\":\"https:\/\/donboscofs.org\/wp-content\/uploads\/2024\/11\/Proyecto-2310.jpg\"},{\"@type\":\"BreadcrumbList\",\"@id\":\"https:\/\/donboscofs.org\/blog-y-noticias\/#breadcrumb\",\"itemListElement\":[{\"@type\":\"ListItem\",\"position\":1,\"name\":\"Home\",\"item\":\"https:\/\/donboscofs.org\/\"},{\"@type\":\"ListItem\",\"position\":2,\"name\":\"Blog y Noticias\"}]},{\"@type\":\"WebSite\",\"@id\":\"https:\/\/donboscofs.org\/#website\",\"url\":\"https:\/\/donboscofs.org\/\",\"name\":\"Don Bosco Fundaci\u00f3n Salesiana de las Antillas\",\"description\":\"FSDBA\",\"publisher\":{\"@id\":\"https:\/\/donboscofs.org\/#organization\"},\"potentialAction\":[{\"@type\":\"SearchAction\",\"target\":{\"@type\":\"EntryPoint\",\"urlTemplate\":\"https:\/\/donboscofs.org\/?s={search_term_string}\"},\"query-input\":{\"@type\":\"PropertyValueSpecification\",\"valueRequired\":true,\"valueName\":\"search_term_string\"}}],\"inLanguage\":\"es-DO\"},{\"@type\":\"Organization\",\"@id\":\"https:\/\/donboscofs.org\/#organization\",\"name\":\"Don Bosco Fundaci\u00f3n Salesiana de las Antillas\",\"url\":\"https:\/\/donboscofs.org\/\",\"logo\":{\"@type\":\"ImageObject\",\"inLanguage\":\"es-DO\",\"@id\":\"https:\/\/donboscofs.org\/#\/schema\/logo\/image\/\",\"url\":\"https:\/\/donboscofs.org\/wp-content\/uploads\/2024\/10\/LOGO-DON-BOSCO-FUNDACION-SALESIANO.svg\",\"contentUrl\":\"https:\/\/donboscofs.org\/wp-content\/uploads\/2024\/10\/LOGO-DON-BOSCO-FUNDACION-SALESIANO.svg\",\"width\":181,\"height\":81,\"caption\":\"Don Bosco Fundaci\u00f3n Salesiana de las Antillas\"},\"image\":{\"@id\":\"https:\/\/donboscofs.org\/#\/schema\/logo\/image\/\"},\"sameAs\":[\"https:\/\/www.facebook.com\/donboscofs\",\"https:\/\/www.instagram.com\/donboscofundacionsalesiana\/\",\"https:\/\/www.youtube.com\/channel\/UCt8RhMEOyXwHKRHr91Juh0A\"]}]}<\/script>\n<!-- \/ Yoast SEO plugin. -->","yoast_head_json":{"title":"Blog y Noticias - Fundaci\u00f3n Salesiana Don Bosco de las Antillas","description":"Ent\u00e9rate de todo lo que sucede y mantente informado de nuestras novedades.","robots":{"index":"index","follow":"follow","max-snippet":"max-snippet:-1","max-image-preview":"max-image-preview:large","max-video-preview":"max-video-preview:-1"},"canonical":"https:\/\/donboscofs.org\/es\/blog-y-noticias\/","og_locale":"es_ES","og_type":"article","og_title":"Blog y Noticias - Fundaci\u00f3n Salesiana Don Bosco de las Antillas","og_description":"Ent\u00e9rate de todo lo que sucede y mantente informado de nuestras novedades.","og_url":"https:\/\/donboscofs.org\/es\/blog-y-noticias\/","og_site_name":"Fundaci\u00f3n Salesiana Don Bosco de las Antillas","article_publisher":"https:\/\/www.facebook.com\/donboscofs","article_modified_time":"2025-02-19T21:34:02+00:00","og_image":[{"url":"https:\/\/donboscofs.org\/wp-content\/uploads\/2024\/11\/Proyecto-2310.jpg","type":"","width":"","height":""}],"twitter_card":"summary_large_image","twitter_misc":{"Est. reading time":"2 minutos"},"schema":{"@context":"https:\/\/schema.org","@graph":[{"@type":"WebPage","@id":"https:\/\/donboscofs.org\/blog-y-noticias\/","url":"https:\/\/donboscofs.org\/blog-y-noticias\/","name":"Blog y Noticias - Fundaci\u00f3n Salesiana Don Bosco de las Antillas","isPartOf":{"@id":"https:\/\/donboscofs.org\/#website"},"primaryImageOfPage":{"@id":"https:\/\/donboscofs.org\/blog-y-noticias\/#primaryimage"},"image":{"@id":"https:\/\/donboscofs.org\/blog-y-noticias\/#primaryimage"},"thumbnailUrl":"https:\/\/donboscofs.org\/wp-content\/uploads\/2024\/11\/Proyecto-2310.jpg","datePublished":"2024-01-19T07:23:44+00:00","dateModified":"2025-02-19T21:34:02+00:00","description":"Ent\u00e9rate de todo lo que sucede y mantente informado de nuestras novedades.","breadcrumb":{"@id":"https:\/\/donboscofs.org\/blog-y-noticias\/#breadcrumb"},"inLanguage":"es-DO","potentialAction":[{"@type":"ReadAction","target":["https:\/\/donboscofs.org\/blog-y-noticias\/"]}]},{"@type":"ImageObject","inLanguage":"es-DO","@id":"https:\/\/donboscofs.org\/blog-y-noticias\/#primaryimage","url":"https:\/\/donboscofs.org\/wp-content\/uploads\/2024\/11\/Proyecto-2310.jpg","contentUrl":"https:\/\/donboscofs.org\/wp-content\/uploads\/2024\/11\/Proyecto-2310.jpg"},{"@type":"BreadcrumbList","@id":"https:\/\/donboscofs.org\/blog-y-noticias\/#breadcrumb","itemListElement":[{"@type":"ListItem","position":1,"name":"Home","item":"https:\/\/donboscofs.org\/"},{"@type":"ListItem","position":2,"name":"Blog y Noticias"}]},{"@type":"WebSite","@id":"https:\/\/donboscofs.org\/#website","url":"https:\/\/donboscofs.org\/","name":"Don Bosco Fundaci\u00f3n Salesiana de las Antillas","description":"FSDBA","publisher":{"@id":"https:\/\/donboscofs.org\/#organization"},"potentialAction":[{"@type":"SearchAction","target":{"@type":"EntryPoint","urlTemplate":"https:\/\/donboscofs.org\/?s={search_term_string}"},"query-input":{"@type":"PropertyValueSpecification","valueRequired":true,"valueName":"search_term_string"}}],"inLanguage":"es-DO"},{"@type":"Organization","@id":"https:\/\/donboscofs.org\/#organization","name":"Don Bosco Fundaci\u00f3n Salesiana de las Antillas","url":"https:\/\/donboscofs.org\/","logo":{"@type":"ImageObject","inLanguage":"es-DO","@id":"https:\/\/donboscofs.org\/#\/schema\/logo\/image\/","url":"https:\/\/donboscofs.org\/wp-content\/uploads\/2024\/10\/LOGO-DON-BOSCO-FUNDACION-SALESIANO.svg","contentUrl":"https:\/\/donboscofs.org\/wp-content\/uploads\/2024\/10\/LOGO-DON-BOSCO-FUNDACION-SALESIANO.svg","width":181,"height":81,"caption":"Don Bosco Fundaci\u00f3n Salesiana de las Antillas"},"image":{"@id":"https:\/\/donboscofs.org\/#\/schema\/logo\/image\/"},"sameAs":["https:\/\/www.facebook.com\/donboscofs","https:\/\/www.instagram.com\/donboscofundacionsalesiana\/","https:\/\/www.youtube.com\/channel\/UCt8RhMEOyXwHKRHr91Juh0A"]}]}},"campaignId":"","_links":{"self":[{"href":"https:\/\/donboscofs.org\/es\/wp-json\/wp\/v2\/pages\/3090","targetHints":{"allow":["GET"]}}],"collection":[{"href":"https:\/\/donboscofs.org\/es\/wp-json\/wp\/v2\/pages"}],"about":[{"href":"https:\/\/donboscofs.org\/es\/wp-json\/wp\/v2\/types\/page"}],"author":[{"embeddable":true,"href":"https:\/\/donboscofs.org\/es\/wp-json\/wp\/v2\/users\/1"}],"replies":[{"embeddable":true,"href":"https:\/\/donboscofs.org\/es\/wp-json\/wp\/v2\/comments?post=3090"}],"version-history":[{"count":19,"href":"https:\/\/donboscofs.org\/es\/wp-json\/wp\/v2\/pages\/3090\/revisions"}],"predecessor-version":[{"id":7494,"href":"https:\/\/donboscofs.org\/es\/wp-json\/wp\/v2\/pages\/3090\/revisions\/7494"}],"wp:attachment":[{"href":"https:\/\/donboscofs.org\/es\/wp-json\/wp\/v2\/media?parent=3090"}],"curies":[{"name":"wp","href":"https:\/\/api.w.org\/{rel}","templated":true}]}}